{"id":2815,"date":"2022-03-16T22:17:15","date_gmt":"2022-03-16T22:17:15","guid":{"rendered":"http:\/\/192.241.133.208\/?post_type=product&#038;p=2815"},"modified":"2026-01-11T11:58:55","modified_gmt":"2026-01-11T17:58:55","slug":"a-salute-to-the-master-of-martyrs","status":"publish","type":"product","link":"https:\/\/islamictexts.org\/?product=a-salute-to-the-master-of-martyrs","title":{"rendered":"A Salute to the Master Of Martyrs"},"content":{"rendered":"<p><i>Ziy\u0101rat \u02bf\u0100sh\u016br\u0101\u02be<\/i>\u00a0is arguably the most famous and oft-recited of the\u00a0<i>ziy\u0101r\u0101t<\/i>\u00a0or \u201csalutations\u201d to God\u2019s infallible guides. It is the epitome of the genre of\u00a0<i>ziy\u0101r\u0101t<\/i>\u00a0and has always been a mainstay in the daily liturgy of Sh\u012b\u02bf\u012b scholars and worshippers as Imam Mu\u1e25ammad al-B\u0101qir expressly intended when he taught it to his disciples.<\/p>\n<p><em>A Salute to the Master of Martyrs\u00a0<\/em>is a commentary that attempts to uncover the theological, historical, and spiritual underpinnings of this outstanding\u00a0<i>ziy\u0101rah<\/i>.<\/p>\n","protected":false},"excerpt":{"rendered":"<div class=\"fl_custom_text__block vc_custom_1647464150576\">\n<p><i>Ziy\u0101rat \u02bf\u0100sh\u016br\u0101\u02be<\/i>\u00a0is arguably the most famous and oft-recited of the\u00a0<i>ziy\u0101r\u0101t<\/i> or \u201csalutations\u201d to God\u2019s infallible guides.<\/p>\n<\/div>\n","protected":false},"featured_media":2788,"template":"","meta":{"_bbp_topic_count":0,"_bbp_reply_count":0,"_bbp_total_topic_count":0,"_bbp_total_reply_count":0,"_bbp_voice_count":0,"_bbp_anonymous_reply_count":0,"_bbp_topic_count_hidden":0,"_bbp_reply_count_hidden":0,"_bbp_forum_subforum_count":0,"iawp_total_views":65},"product_brand":[],"product_cat":[55],"product_tag":[],"class_list":{"0":"post-2815","1":"product","2":"type-product","3":"status-publish","4":"has-post-thumbnail","6":"product_cat-books","8":"first","9":"instock","10":"shipping-taxable","11":"purchasable","12":"product-type-simple"},"_links":{"self":[{"href":"https:\/\/islamictexts.org\/index.php?rest_route=\/wp\/v2\/product\/2815","targetHints":{"allow":["GET"]}}],"collection":[{"href":"https:\/\/islamictexts.org\/index.php?rest_route=\/wp\/v2\/product"}],"about":[{"href":"https:\/\/islamictexts.org\/index.php?rest_route=\/wp\/v2\/types\/product"}],"wp:featuredmedia":[{"embeddable":true,"href":"https:\/\/islamictexts.org\/index.php?rest_route=\/wp\/v2\/media\/2788"}],"wp:attachment":[{"href":"https:\/\/islamictexts.org\/index.php?rest_route=%2Fwp%2Fv2%2Fmedia&parent=2815"}],"wp:term":[{"taxonomy":"product_brand","embeddable":true,"href":"https:\/\/islamictexts.org\/index.php?rest_route=%2Fwp%2Fv2%2Fproduct_brand&post=2815"},{"taxonomy":"product_cat","embeddable":true,"href":"https:\/\/islamictexts.org\/index.php?rest_route=%2Fwp%2Fv2%2Fproduct_cat&post=2815"},{"taxonomy":"product_tag","embeddable":true,"href":"https:\/\/islamictexts.org\/index.php?rest_route=%2Fwp%2Fv2%2Fproduct_tag&post=2815"}],"curies":[{"name":"wp","href":"https:\/\/api.w.org\/{rel}","templated":true}]}}